{"id":73,"date":"2025-03-20T14:54:14","date_gmt":"2025-03-20T13:54:14","guid":{"rendered":"https:\/\/kintsugibliss.com\/?page_id=73"},"modified":"2025-03-21T13:35:12","modified_gmt":"2025-03-21T12:35:12","slug":"masaz-dla-par","status":"publish","type":"page","link":"https:\/\/kintsugibliss.com\/en\/masaz-dla-par\/","title":{"rendered":"Masa\u017c dla par"},"content":{"rendered":"<p><\/p>\n<h1 style=\"text-align: center;\">Couple&#8217;s massage<\/h1>\n<h2 style=\"text-align: center;\"><span class=\"jCAhz ChMk0b\"><span class=\"ryNqvb\">A unique massage for two, which will allow you to relax and spend some relaxing time together in a peaceful atmosphere.<\/span><\/span> <span class=\"jCAhz ChMk0b\"><span class=\"ryNqvb\">A great choice for romantic moments or joint health care and relaxation.<\/span><\/span><\/h2>\n<p><img loading=\"lazy\" decoding=\"async\" class=\"aligncenter size-full wp-image-122\" src=\"https:\/\/kintsugibliss.com\/wp-content\/uploads\/2025\/03\/page_stripe_couple.jpg\" alt=\"\" width=\"1920\" height=\"400\" srcset=\"https:\/\/kintsugibliss.com\/wp-content\/uploads\/2025\/03\/page_stripe_couple.jpg 1920w, https:\/\/kintsugibliss.com\/wp-content\/uploads\/2025\/03\/page_stripe_couple-300x63.jpg 300w, https:\/\/kintsugibliss.com\/wp-content\/uploads\/2025\/03\/page_stripe_couple-1024x213.jpg 1024w, https:\/\/kintsugibliss.com\/wp-content\/uploads\/2025\/03\/page_stripe_couple-768x160.jpg 768w, https:\/\/kintsugibliss.com\/wp-content\/uploads\/2025\/03\/page_stripe_couple-1536x320.jpg 1536w, https:\/\/kintsugibliss.com\/wp-content\/uploads\/2025\/03\/page_stripe_couple-250x52.jpg 250w, https:\/\/kintsugibliss.com\/wp-content\/uploads\/2025\/03\/page_stripe_couple-550x115.jpg 550w, https:\/\/kintsugibliss.com\/wp-content\/uploads\/2025\/03\/page_stripe_couple-800x167.jpg 800w, https:\/\/kintsugibliss.com\/wp-content\/uploads\/2025\/03\/page_stripe_couple-864x180.jpg 864w, https:\/\/kintsugibliss.com\/wp-content\/uploads\/2025\/03\/page_stripe_couple-1440x300.jpg 1440w\" sizes=\"auto, (max-width: 1920px) 100vw, 1920px\" \/><\/p>\n<h2><strong>PRICES<\/strong><\/h2>\n<h3><span style=\"color: #808080;\">Couple&#8217;s massage (50 min)<\/span><\/h3>\n<h4><strong><span style=\"color: #808080;\">300\u00a0 z\u0142<\/span><\/strong><\/h4>\n<h3><span style=\"color: #808080;\">Couple&#8217;s massage (100 min)<\/span><\/h3>\n<h4><strong><span style=\"color: #808080;\">550 z\u0142<\/span><\/strong><\/h4>\n<h3><span style=\"color: #808080;\">Couple&#8217;s massage (150 min)<\/span><\/h3>\n<h4><strong><span style=\"color: #808080;\">799 z\u0142<\/span><\/strong><\/h4>\n<p><\/p>","protected":false},"excerpt":{"rendered":"<p>Couple&#8217;s massage A unique massage for two, which will allow you to relax and spend some relaxing time together in a peaceful atmosphere. A great choice for romantic moments or joint health care and relaxation. PRICES Couple&#8217;s massage (50 min) 300\u00a0 z\u0142 Couple&#8217;s massage (100 min) 550 z\u0142 Couple&#8217;s massage (150 min) 799 z\u0142<\/p>\n","protected":false},"author":1,"featured_media":0,"parent":0,"menu_order":0,"comment_status":"closed","ping_status":"closed","template":"templates\/template-page-prices.php","meta":{"footnotes":""},"class_list":["post-73","page","type-page","status-publish","hentry"],"_links":{"self":[{"href":"https:\/\/kintsugibliss.com\/en\/wp-json\/wp\/v2\/pages\/73","targetHints":{"allow":["GET"]}}],"collection":[{"href":"https:\/\/kintsugibliss.com\/en\/wp-json\/wp\/v2\/pages"}],"about":[{"href":"https:\/\/kintsugibliss.com\/en\/wp-json\/wp\/v2\/types\/page"}],"author":[{"embeddable":true,"href":"https:\/\/kintsugibliss.com\/en\/wp-json\/wp\/v2\/users\/1"}],"replies":[{"embeddable":true,"href":"https:\/\/kintsugibliss.com\/en\/wp-json\/wp\/v2\/comments?post=73"}],"version-history":[{"count":3,"href":"https:\/\/kintsugibliss.com\/en\/wp-json\/wp\/v2\/pages\/73\/revisions"}],"predecessor-version":[{"id":123,"href":"https:\/\/kintsugibliss.com\/en\/wp-json\/wp\/v2\/pages\/73\/revisions\/123"}],"wp:attachment":[{"href":"https:\/\/kintsugibliss.com\/en\/wp-json\/wp\/v2\/media?parent=73"}],"curies":[{"name":"wp","href":"https:\/\/api.w.org\/{rel}","templated":true}]}}