{"id":69,"date":"2025-03-20T14:53:29","date_gmt":"2025-03-20T13:53:29","guid":{"rendered":"https:\/\/kintsugibliss.com\/?page_id=69"},"modified":"2025-03-21T13:41:31","modified_gmt":"2025-03-21T12:41:31","slug":"masaz-sportowy","status":"publish","type":"page","link":"https:\/\/kintsugibliss.com\/en\/masaz-sportowy\/","title":{"rendered":"Sport massage"},"content":{"rendered":"<p><\/p>\n<h1 style=\"text-align: center;\">Sport massage<\/h1>\n<h2>Aimed at active people, sports massage helps reduce muscle tension, speeds up regeneration and prepares the body for further exertion. Ideal after an intense workout or a longer period of physical activity.<\/h2>\n<p><img loading=\"lazy\" decoding=\"async\" class=\"aligncenter size-full wp-image-127\" src=\"https:\/\/kintsugibliss.com\/wp-content\/uploads\/2025\/03\/page_stripe_sport.jpg\" alt=\"\" width=\"1920\" height=\"400\" srcset=\"https:\/\/kintsugibliss.com\/wp-content\/uploads\/2025\/03\/page_stripe_sport.jpg 1920w, https:\/\/kintsugibliss.com\/wp-content\/uploads\/2025\/03\/page_stripe_sport-300x63.jpg 300w, https:\/\/kintsugibliss.com\/wp-content\/uploads\/2025\/03\/page_stripe_sport-1024x213.jpg 1024w, https:\/\/kintsugibliss.com\/wp-content\/uploads\/2025\/03\/page_stripe_sport-768x160.jpg 768w, https:\/\/kintsugibliss.com\/wp-content\/uploads\/2025\/03\/page_stripe_sport-1536x320.jpg 1536w, https:\/\/kintsugibliss.com\/wp-content\/uploads\/2025\/03\/page_stripe_sport-250x52.jpg 250w, https:\/\/kintsugibliss.com\/wp-content\/uploads\/2025\/03\/page_stripe_sport-550x115.jpg 550w, https:\/\/kintsugibliss.com\/wp-content\/uploads\/2025\/03\/page_stripe_sport-800x167.jpg 800w, https:\/\/kintsugibliss.com\/wp-content\/uploads\/2025\/03\/page_stripe_sport-864x180.jpg 864w, https:\/\/kintsugibliss.com\/wp-content\/uploads\/2025\/03\/page_stripe_sport-1440x300.jpg 1440w\" sizes=\"auto, (max-width: 1920px) 100vw, 1920px\" \/><\/p>\n<h2>PRICES<\/h2>\n<h3><span style=\"color: #808080;\">Full body (60 min)<\/span><\/h3>\n<h4><strong><span style=\"color: #808080;\">179 z\u0142<\/span><\/strong><\/h4>\n<h3><span style=\"color: #808080;\">Full body (100 min)<\/span><\/h3>\n<h4><strong><span style=\"color: #808080;\">269 z\u0142<\/span><\/strong><\/h4>\n<h3><span style=\"color: #808080;\">Back and neck (30 min)<\/span><\/h3>\n<h4><strong><span style=\"color: #808080;\">99 z\u0142<\/span><\/strong><\/h4>\n<h3><span style=\"color: #808080;\">Foot and calf (30 min)<\/span><\/h3>\n<h4><strong><span style=\"color: #808080;\">99 z\u0142<\/span><\/strong><\/h4>\n<h3><span style=\"color: #808080;\">Head, neck, shoulders (45 min)<\/span><\/h3>\n<h4><strong><span style=\"color: #808080;\">139 z\u0142<\/span><\/strong><\/h4>\n<p><\/p>","protected":false},"excerpt":{"rendered":"<p>Sport massage Aimed at active people, sports massage helps reduce muscle tension, speeds up regeneration and prepares the body for further exertion. Ideal after an intense workout or a longer period of physical activity. PRICES Full body (60 min) 179 z\u0142 Full body (100 min) 269 z\u0142 Back and neck (30 min) 99 z\u0142 Foot [&hellip;]<\/p>\n","protected":false},"author":1,"featured_media":0,"parent":0,"menu_order":0,"comment_status":"closed","ping_status":"closed","template":"templates\/template-page-prices.php","meta":{"footnotes":""},"class_list":["post-69","page","type-page","status-publish","hentry"],"_links":{"self":[{"href":"https:\/\/kintsugibliss.com\/en\/wp-json\/wp\/v2\/pages\/69","targetHints":{"allow":["GET"]}}],"collection":[{"href":"https:\/\/kintsugibliss.com\/en\/wp-json\/wp\/v2\/pages"}],"about":[{"href":"https:\/\/kintsugibliss.com\/en\/wp-json\/wp\/v2\/types\/page"}],"author":[{"embeddable":true,"href":"https:\/\/kintsugibliss.com\/en\/wp-json\/wp\/v2\/users\/1"}],"replies":[{"embeddable":true,"href":"https:\/\/kintsugibliss.com\/en\/wp-json\/wp\/v2\/comments?post=69"}],"version-history":[{"count":9,"href":"https:\/\/kintsugibliss.com\/en\/wp-json\/wp\/v2\/pages\/69\/revisions"}],"predecessor-version":[{"id":128,"href":"https:\/\/kintsugibliss.com\/en\/wp-json\/wp\/v2\/pages\/69\/revisions\/128"}],"wp:attachment":[{"href":"https:\/\/kintsugibliss.com\/en\/wp-json\/wp\/v2\/media?parent=69"}],"curies":[{"name":"wp","href":"https:\/\/api.w.org\/{rel}","templated":true}]}}