{"id":227,"date":"2025-04-10T10:39:51","date_gmt":"2025-04-10T08:39:51","guid":{"rendered":"https:\/\/kintsugibliss.com\/?page_id=227"},"modified":"2025-04-10T10:43:55","modified_gmt":"2025-04-10T08:43:55","slug":"relacja-gosc-masazysta-co-sie-naprawde-dzieje-kiedy-sie-spotykamy","status":"publish","type":"page","link":"https:\/\/kintsugibliss.com\/en\/relacja-gosc-masazysta-co-sie-naprawde-dzieje-kiedy-sie-spotykamy\/","title":{"rendered":"(Polski) Relacja: Go\u015b\u0107 \u2013 Masa\u017cysta. Co si\u0119 naprawd\u0119 dzieje, kiedy si\u0119 spotykamy?"},"content":{"rendered":"<p class=\"qtranxs-available-languages-message qtranxs-available-languages-message-en\">Sorry, this entry is only available in <a href=\"https:\/\/kintsugibliss.com\/pl\/wp-json\/wp\/v2\/pages\/227\" class=\"qtranxs-available-language-link qtranxs-available-language-link-pl\" title=\"Polski\">Polski<\/a>.<\/p>","protected":false},"excerpt":{"rendered":"<p>Sorry, this entry is only available in Polski.<\/p>\n","protected":false},"author":1,"featured_media":0,"parent":0,"menu_order":0,"comment_status":"closed","ping_status":"closed","template":"templates\/template-page-prices.php","meta":{"footnotes":""},"class_list":["post-227","page","type-page","status-publish","hentry"],"_links":{"self":[{"href":"https:\/\/kintsugibliss.com\/en\/wp-json\/wp\/v2\/pages\/227","targetHints":{"allow":["GET"]}}],"collection":[{"href":"https:\/\/kintsugibliss.com\/en\/wp-json\/wp\/v2\/pages"}],"about":[{"href":"https:\/\/kintsugibliss.com\/en\/wp-json\/wp\/v2\/types\/page"}],"author":[{"embeddable":true,"href":"https:\/\/kintsugibliss.com\/en\/wp-json\/wp\/v2\/users\/1"}],"replies":[{"embeddable":true,"href":"https:\/\/kintsugibliss.com\/en\/wp-json\/wp\/v2\/comments?post=227"}],"version-history":[{"count":2,"href":"https:\/\/kintsugibliss.com\/en\/wp-json\/wp\/v2\/pages\/227\/revisions"}],"predecessor-version":[{"id":229,"href":"https:\/\/kintsugibliss.com\/en\/wp-json\/wp\/v2\/pages\/227\/revisions\/229"}],"wp:attachment":[{"href":"https:\/\/kintsugibliss.com\/en\/wp-json\/wp\/v2\/media?parent=227"}],"curies":[{"name":"wp","href":"https:\/\/api.w.org\/{rel}","templated":true}]}}