{"id":100,"date":"2025-03-21T11:47:33","date_gmt":"2025-03-21T10:47:33","guid":{"rendered":"https:\/\/kintsugibliss.com\/?page_id=100"},"modified":"2026-01-27T22:30:06","modified_gmt":"2026-01-27T21:30:06","slug":"oferta","status":"publish","type":"page","link":"https:\/\/kintsugibliss.com\/en\/oferta\/","title":{"rendered":"Offer"},"content":{"rendered":"<p><\/p>\n<h1 style=\"text-align: center;\"><span style=\"color: #ffcc00;\">MASSAGE<\/span> PRICES<\/h1>\n<p style=\"text-align: center;\">Available massages and duration prices<\/p>\n<h6 style=\"text-align: center;\"><a href=\"#\">DOWNLOAD PRICES<\/a><\/h6>\n<p>&nbsp;<\/p>\n<h2><strong>Sport massage<\/strong><\/h2>\n<h3><span style=\"color: #808080;\">Full body (60 min)<\/span><\/h3>\n<h4><strong><span style=\"color: #808080;\">179 z\u0142<\/span><\/strong><\/h4>\n<h3><span style=\"color: #808080;\">Full body (100 min)<\/span><\/h3>\n<h4><strong><span style=\"color: #808080;\">269 z\u0142<\/span><\/strong><\/h4>\n<h3><span style=\"color: #808080;\">Back and neck (30 min)<\/span><\/h3>\n<h4><strong><span style=\"color: #808080;\">99 z\u0142<\/span><\/strong><\/h4>\n<h3><span style=\"color: #808080;\">Foot and calf (30 min)<\/span><\/h3>\n<h4><strong><span style=\"color: #808080;\">99 z\u0142<\/span><\/strong><\/h4>\n<h3><span style=\"color: #808080;\">Head, neck, shoulders (45 min)<\/span><\/h3>\n<h4><strong><span style=\"color: #808080;\">139 z\u0142<\/span><\/strong><\/h4>\n<h2><strong>Aromatherapy massage<\/strong><\/h2>\n<h3><span style=\"color: #808080;\">Full body (50 min)<\/span><\/h3>\n<h4><strong><span style=\"color: #808080;\">150 z\u0142<\/span><\/strong><\/h4>\n<h3><span style=\"color: #808080;\">Full body (80 min)<\/span><\/h3>\n<h4><strong><span style=\"color: #808080;\">279 z\u0142<\/span><\/strong><\/h4>\n<h3><span style=\"color: #808080;\">Back (20 min)<\/span><\/h3>\n<h4><strong><span style=\"color: #808080;\">70 z\u0142<\/span><\/strong><\/h4>\n<h3><span style=\"color: #808080;\">Back (50 min)<\/span><\/h3>\n<h4><strong><span style=\"color: #808080;\">150 z\u0142<\/span><\/strong><\/h4>\n<h3><span style=\"color: #808080;\">Head, neck, shoulders (35 min)<\/span><\/h3>\n<h4><strong><span style=\"color: #808080;\">99 z\u0142<\/span><\/strong><\/h4>\n<h3><span style=\"color: #808080;\">Face and head (20 min)<\/span><\/h3>\n<h4><strong><span style=\"color: #808080;\">70 z\u0142<\/span><\/strong><\/h4>\n<h3><span style=\"color: #808080;\">Face and head (50 min)<\/span><\/h3>\n<h4><strong><span style=\"color: #808080;\">150 z\u0142<\/span><\/strong><\/h4>\n<h3><span style=\"color: #808080;\">Foot and calf (20 min)<\/span><\/h3>\n<h4><strong><span style=\"color: #808080;\">70 z\u0142<\/span><\/strong><\/h4>\n<h3><span style=\"color: #808080;\">Foot and calf (50 min)<\/span><\/h3>\n<h4><strong><span style=\"color: #808080;\">150 z\u0142<\/span><\/strong><\/h4>\n<h3><span style=\"color: #808080;\">ShirinYoku, Forest walk (50 min)<\/span><\/h3>\n<h4><strong><span style=\"color: #808080;\">150 z\u0142<\/span><\/strong><\/h4>\n<h3><span style=\"color: #808080;\">ShirinYoku, Forest walk (80 min)<\/span><\/h3>\n<h4><strong><span style=\"color: #808080;\">279 z\u0142<\/span><\/strong><\/h4>\n<h3><span style=\"color: #808080;\">ShirinYoku, Forest walk (100 min)<\/span><\/h3>\n<h4><strong><span style=\"color: #808080;\">369 z\u0142<\/span><\/strong><\/h4>\n<h2><strong>Couple&#8217;s massage<\/strong><\/h2>\n<h3><span style=\"color: #808080;\">Couple&#8217;s massage (50 min)<\/span><\/h3>\n<h4><strong><span style=\"color: #808080;\">300\u00a0 z\u0142<\/span><\/strong><\/h4>\n<h3><span style=\"color: #808080;\">Couple&#8217;s massage (100 min)<\/span><\/h3>\n<h4><strong><span style=\"color: #808080;\">550 z\u0142<\/span><\/strong><\/h4>\n<h3><span style=\"color: #808080;\">Couple&#8217;s massage (150 min)<\/span><\/h3>\n<h4><strong><span style=\"color: #808080;\">799 z\u0142<\/span><\/strong><\/h4>\n<h2><strong>Add-ons (Relax &amp; Recharge)<\/strong><\/h2>\n<h3><span style=\"color: #808080;\">Ear coning (25 min)<\/span><\/h3>\n<h4><strong><span style=\"color: #808080;\">50 z\u0142<\/span><\/strong><\/h4>\n<h3><span style=\"color: #808080;\">Ear coning, Head and face massage (45 min)<\/span><\/h3>\n<h4><strong><span style=\"color: #808080;\">120 z\u0142<\/span><\/strong><\/h4>\n<h2><strong>Body Detox<\/strong><\/h2>\n<h3><span style=\"color: #808080;\">Body Detox Professional (30 min)<\/span><\/h3>\n<h4><strong><span style=\"color: #808080;\">50 z\u0142<\/span><\/strong><\/h4>\n<h3><span style=\"color: #808080;\">Body Detox 9 + 1 Gratis (5 h)<\/span><\/h3>\n<h4><strong><span style=\"color: #808080;\">450 z\u0142<\/span><\/strong><\/h4>\n<h2><strong>Salt Cave<\/strong><\/h2>\n<h3><span style=\"color: #808080;\">Session 6-8 People (50 min)<\/span><\/h3>\n<h4><strong><span style=\"color: #808080;\">200 z\u0142<\/span><\/strong><\/h4>\n<h3><span style=\"color: #808080;\">Session 6-8 People (50 min)<\/span><\/h3>\n<h4><strong><span style=\"color: #808080;\">300 z\u0142<\/span><\/strong><\/h4>\n<h3><span style=\"color: #808080;\">Aromatherapy massage in Salt Cave (30 min)<\/span><\/h3>\n<h4><strong><span style=\"color: #808080;\">300 z\u0142<\/span><\/strong><\/h4>\n<h3><span style=\"color: #808080;\">Aromatherapy massage in Salt Cave (150 min)<\/span><\/h3>\n<h4><strong><span style=\"color: #808080;\">400 z\u0142<\/span><\/strong><\/h4>\n<p><\/p>","protected":false},"excerpt":{"rendered":"<p>MASSAGE PRICES Available massages and duration prices DOWNLOAD PRICES &nbsp; Sport massage Full body (60 min) 179 z\u0142 Full body (100 min) 269 z\u0142 Back and neck (30 min) 99 z\u0142 Foot and calf (30 min) 99 z\u0142 Head, neck, shoulders (45 min) 139 z\u0142 Aromatherapy massage Full body (50 min) 150 z\u0142 Full body [&hellip;]<\/p>\n","protected":false},"author":1,"featured_media":0,"parent":0,"menu_order":0,"comment_status":"closed","ping_status":"closed","template":"templates\/template-page-prices.php","meta":{"footnotes":""},"class_list":["post-100","page","type-page","status-publish","hentry"],"_links":{"self":[{"href":"https:\/\/kintsugibliss.com\/en\/wp-json\/wp\/v2\/pages\/100","targetHints":{"allow":["GET"]}}],"collection":[{"href":"https:\/\/kintsugibliss.com\/en\/wp-json\/wp\/v2\/pages"}],"about":[{"href":"https:\/\/kintsugibliss.com\/en\/wp-json\/wp\/v2\/types\/page"}],"author":[{"embeddable":true,"href":"https:\/\/kintsugibliss.com\/en\/wp-json\/wp\/v2\/users\/1"}],"replies":[{"embeddable":true,"href":"https:\/\/kintsugibliss.com\/en\/wp-json\/wp\/v2\/comments?post=100"}],"version-history":[{"count":16,"href":"https:\/\/kintsugibliss.com\/en\/wp-json\/wp\/v2\/pages\/100\/revisions"}],"predecessor-version":[{"id":346,"href":"https:\/\/kintsugibliss.com\/en\/wp-json\/wp\/v2\/pages\/100\/revisions\/346"}],"wp:attachment":[{"href":"https:\/\/kintsugibliss.com\/en\/wp-json\/wp\/v2\/media?parent=100"}],"curies":[{"name":"wp","href":"https:\/\/api.w.org\/{rel}","templated":true}]}}